{"id":1754,"date":"2019-04-01T10:47:56","date_gmt":"2019-04-01T10:47:56","guid":{"rendered":"http:\/\/teddybear.rs\/?page_id=1754"},"modified":"2021-02-11T10:49:54","modified_gmt":"2021-02-11T10:49:54","slug":"elerhetoseg","status":"publish","type":"page","link":"https:\/\/teddybear.rs\/hu\/elerhetoseg\/","title":{"rendered":"El\u00e9rhet\u0151s\u00e9g"},"content":{"rendered":"<p>[vc_row][vc_column][vc_raw_js]JTNDJTIxLS0lMjBGYWNlYm9vayUyMFBpeGVsJTIwQ29kZSUyMC0tJTNFJTBBJTNDc2NyaXB0JTNFJTBBJTIxZnVuY3Rpb24lMjhmJTJDYiUyQ2UlMkN2JTJDbiUyQ3QlMkNzJTI5JTBBJTdCaWYlMjhmLmZicSUyOXJldHVybiUzQm4lM0RmLmZicSUzRGZ1bmN0aW9uJTI4JTI5JTdCbi5jYWxsTWV0aG9kJTNGJTBBbi5jYWxsTWV0aG9kLmFwcGx5JTI4biUyQ2FyZ3VtZW50cyUyOSUzQW4ucXVldWUucHVzaCUyOGFyZ3VtZW50cyUyOSU3RCUzQiUwQWlmJTI4JTIxZi5fZmJxJTI5Zi5fZmJxJTNEbiUzQm4ucHVzaCUzRG4lM0JuLmxvYWRlZCUzRCUyMTAlM0JuLnZlcnNpb24lM0QlMjcyLjAlMjclM0IlMEFuLnF1ZXVlJTNEJTVCJTVEJTNCdCUzRGIuY3JlYXRlRWxlbWVudCUyOGUlMjklM0J0LmFzeW5jJTNEJTIxMCUzQiUwQXQuc3JjJTNEdiUzQnMlM0RiLmdldEVsZW1lbnRzQnlUYWdOYW1lJTI4ZSUyOSU1QjAlNUQlM0IlMEFzLnBhcmVudE5vZGUuaW5zZXJ0QmVmb3JlJTI4dCUyQ3MlMjklN0QlMjh3aW5kb3clMkNkb2N1bWVudCUyQyUyN3NjcmlwdCUyNyUyQyUwQSUyN2h0dHBzJTNBJTJGJTJGY29ubmVjdC5mYWNlYm9vay5uZXQlMkZlbl9VUyUyRmZiZXZlbnRzLmpzJTI3JTI5JTNCJTBBJTIwZmJxJTI4JTI3aW5pdCUyNyUyQyUyMCUyNzg0OTkxNjU5MjAxMTExMCUyNyUyOSUzQiUyMCUwQWZicSUyOCUyN3RyYWNrJTI3JTJDJTIwJTI3UGFnZVZpZXclMjclMjklM0IlMEElM0MlMkZzY3JpcHQlM0UlMEElM0Nub3NjcmlwdCUzRSUwQSUyMCUzQ2ltZyUyMGhlaWdodCUzRCUyMjElMjIlMjB3aWR0aCUzRCUyMjElMjIlMjAlMEFzcmMlM0QlMjJodHRwcyUzQSUyRiUyRnd3dy5mYWNlYm9vay5jb20lMkZ0ciUzRmlkJTNEODQ5OTE2NTkyMDExMTEwJTI2ZXYlM0RQYWdlVmlldyUwQSUyNm5vc2NyaXB0JTNEMSUyMiUyRiUzRSUwQSUzQyUyRm5vc2NyaXB0JTNFJTBBJTNDJTIxLS0lMjBFbmQlMjBGYWNlYm9vayUyMFBpeGVsJTIwQ29kZSUyMC0tJTNF[\/vc_raw_js][\/vc_column][\/vc_row]<\/p>\n","protected":false},"excerpt":{"rendered":"<p>[vc_row][vc_column][vc_raw_js]JTNDJTIxLS0lMjBGYWNlYm9vayUyMFBpeGVsJTIwQ29kZSUyMC0tJTNFJTBBJTNDc2NyaXB0JTNFJTBBJTIxZnVuY3Rpb24lMjhmJTJDYiUyQ2UlMkN2JTJDbiUyQ3QlMkNzJTI5JTBBJTdCaWYlMjhmLmZicSUyOXJldHVybiUzQm4lM0RmLmZicSUzRGZ1bmN0aW9uJTI4JTI5JTdCbi5jYWxsTWV0aG9kJTNGJTBBbi5jYWxsTWV0aG9kLmFwcGx5JTI4biUyQ2FyZ3VtZW50cyUyOSUzQW4ucXVldWUucHVzaCUyOGFyZ3VtZW50cyUyOSU3RCUzQiUwQWlmJTI4JTIxZi5fZmJxJTI5Zi5fZmJxJTNEbiUzQm4ucHVzaCUzRG4lM0JuLmxvYWRlZCUzRCUyMTAlM0JuLnZlcnNpb24lM0QlMjcyLjAlMjclM0IlMEFuLnF1ZXVlJTNEJTVCJTVEJTNCdCUzRGIuY3JlYXRlRWxlbWVudCUyOGUlMjklM0J0LmFzeW5jJTNEJTIxMCUzQiUwQXQuc3JjJTNEdiUzQnMlM0RiLmdldEVsZW1lbnRzQnlUYWdOYW1lJTI4ZSUyOSU1QjAlNUQlM0IlMEFzLnBhcmVudE5vZGUuaW5zZXJ0QmVmb3JlJTI4dCUyQ3MlMjklN0QlMjh3aW5kb3clMkNkb2N1bWVudCUyQyUyN3NjcmlwdCUyNyUyQyUwQSUyN2h0dHBzJTNBJTJGJTJGY29ubmVjdC5mYWNlYm9vay5uZXQlMkZlbl9VUyUyRmZiZXZlbnRzLmpzJTI3JTI5JTNCJTBBJTIwZmJxJTI4JTI3aW5pdCUyNyUyQyUyMCUyNzg0OTkxNjU5MjAxMTExMCUyNyUyOSUzQiUyMCUwQWZicSUyOCUyN3RyYWNrJTI3JTJDJTIwJTI3UGFnZVZpZXclMjclMjklM0IlMEElM0MlMkZzY3JpcHQlM0UlMEElM0Nub3NjcmlwdCUzRSUwQSUyMCUzQ2ltZyUyMGhlaWdodCUzRCUyMjElMjIlMjB3aWR0aCUzRCUyMjElMjIlMjAlMEFzcmMlM0QlMjJodHRwcyUzQSUyRiUyRnd3dy5mYWNlYm9vay5jb20lMkZ0ciUzRmlkJTNEODQ5OTE2NTkyMDExMTEwJTI2ZXYlM0RQYWdlVmlldyUwQSUyNm5vc2NyaXB0JTNEMSUyMiUyRiUzRSUwQSUzQyUyRm5vc2NyaXB0JTNFJTBBJTNDJTIxLS0lMjBFbmQlMjBGYWNlYm9vayUyMFBpeGVsJTIwQ29kZSUyMC0tJTNF[\/vc_raw_js][\/vc_column][\/vc_row]<\/p>\n","protected":false},"author":26,"featured_media":0,"parent":0,"menu_order":0,"comment_status":"closed","ping_status":"closed","template":"","meta":{"footnotes":""},"class_list":["post-1754","page","type-page","status-publish","hentry"],"_links":{"self":[{"href":"https:\/\/teddybear.rs\/hu\/wp-json\/wp\/v2\/pages\/1754","targetHints":{"allow":["GET"]}}],"collection":[{"href":"https:\/\/teddybear.rs\/hu\/wp-json\/wp\/v2\/pages"}],"about":[{"href":"https:\/\/teddybear.rs\/hu\/wp-json\/wp\/v2\/types\/page"}],"author":[{"embeddable":true,"href":"https:\/\/teddybear.rs\/hu\/wp-json\/wp\/v2\/users\/26"}],"replies":[{"embeddable":true,"href":"https:\/\/teddybear.rs\/hu\/wp-json\/wp\/v2\/comments?post=1754"}],"version-history":[{"count":4,"href":"https:\/\/teddybear.rs\/hu\/wp-json\/wp\/v2\/pages\/1754\/revisions"}],"predecessor-version":[{"id":2494,"href":"https:\/\/teddybear.rs\/hu\/wp-json\/wp\/v2\/pages\/1754\/revisions\/2494"}],"wp:attachment":[{"href":"https:\/\/teddybear.rs\/hu\/wp-json\/wp\/v2\/media?parent=1754"}],"curies":[{"name":"wp","href":"https:\/\/api.w.org\/{rel}","templated":true}]}}