{"id":2368,"date":"2017-12-08T09:50:52","date_gmt":"2017-12-08T09:50:52","guid":{"rendered":"http:\/\/teddybear.rs\/shop\/uncategorized\/kitkat-box\/"},"modified":"2019-05-17T12:23:14","modified_gmt":"2019-05-17T12:23:14","slug":"kitkat-box","status":"publish","type":"product","link":"https:\/\/teddybear.rs\/en\/shop\/sweet-boxes\/kitkat-box\/","title":{"rendered":"Teddy Bear \u00ae KitKat box"},"content":{"rendered":"<p>Teddy Bear\u00ae KitKat box contains KitKat chocolates in a plump red box with decorative material<\/p>\n","protected":false},"excerpt":{"rendered":"<p><strong>Teddy Bear \u00ae KitKat box<\/strong> sadr\u017ei KitKat \u010dokoladice u pli\u0161anoj crvenoj kutiji sa ukrasnim materijalom.<\/p>\n","protected":false},"featured_media":1994,"template":"","meta":[],"product_brand":[],"product_cat":[198,20],"product_tag":[97,358,98,359,73,329],"class_list":{"0":"post-2368","1":"product","2":"type-product","3":"status-publish","4":"has-post-thumbnail","6":"product_cat-sweet-boxes","8":"product_tag-kitkat-box","9":"product_tag-kitkat-box-en","10":"product_tag-kitkat-cokoladice","11":"product_tag-kitkat-cokoladice-en","12":"product_tag-sweetbox","13":"product_tag-sweetbox-en","15":"first","16":"instock","17":"shipping-taxable","18":"purchasable","19":"product-type-simple"},"_links":{"self":[{"href":"https:\/\/teddybear.rs\/en\/wp-json\/wp\/v2\/product\/2368","targetHints":{"allow":["GET"]}}],"collection":[{"href":"https:\/\/teddybear.rs\/en\/wp-json\/wp\/v2\/product"}],"about":[{"href":"https:\/\/teddybear.rs\/en\/wp-json\/wp\/v2\/types\/product"}],"wp:featuredmedia":[{"embeddable":true,"href":"https:\/\/teddybear.rs\/en\/wp-json\/wp\/v2\/media\/1994"}],"wp:attachment":[{"href":"https:\/\/teddybear.rs\/en\/wp-json\/wp\/v2\/media?parent=2368"}],"wp:term":[{"taxonomy":"product_brand","embeddable":true,"href":"https:\/\/teddybear.rs\/en\/wp-json\/wp\/v2\/product_brand?post=2368"},{"taxonomy":"product_cat","embeddable":true,"href":"https:\/\/teddybear.rs\/en\/wp-json\/wp\/v2\/product_cat?post=2368"},{"taxonomy":"product_tag","embeddable":true,"href":"https:\/\/teddybear.rs\/en\/wp-json\/wp\/v2\/product_tag?post=2368"}],"curies":[{"name":"wp","href":"https:\/\/api.w.org\/{rel}","templated":true}]}}