{"id":2366,"date":"2017-11-14T11:55:07","date_gmt":"2017-11-14T11:55:07","guid":{"rendered":"http:\/\/teddybear.rs\/shop\/uncategorized\/m-m-sweet-box\/"},"modified":"2019-05-17T12:20:21","modified_gmt":"2019-05-17T12:20:21","slug":"m-m-sweet-box","status":"publish","type":"product","link":"https:\/\/teddybear.rs\/en\/shop\/sweet-boxes\/m-m-sweet-box\/","title":{"rendered":"Teddy Bear\u00ae M&#038;M Sweet Box"},"content":{"rendered":"<p>Teddy Bear\u00ae M &amp; M Sweet Box contains the sweetest products of chocolate, plush toy and decorative material.<\/p>\n<p>&nbsp;<\/p>\n<p>&nbsp;<\/p>\n","protected":false},"excerpt":{"rendered":"<p><strong>Teddy Bear\u00ae M&amp;M Sweet Box<\/strong> sadr\u017ei najsla\u0111e proizvode od \u010dokolade, pli\u0161anu igra\u010dku i ukrasni materijal.<\/p>\n","protected":false},"featured_media":2367,"template":"","meta":[],"product_brand":[],"product_cat":[198],"product_tag":[319],"class_list":{"0":"post-2366","1":"product","2":"type-product","3":"status-publish","4":"has-post-thumbnail","6":"product_cat-sweet-boxes","7":"product_tag-sweet-box-en","9":"first","10":"instock","11":"shipping-taxable","12":"purchasable","13":"product-type-simple"},"_links":{"self":[{"href":"https:\/\/teddybear.rs\/en\/wp-json\/wp\/v2\/product\/2366","targetHints":{"allow":["GET"]}}],"collection":[{"href":"https:\/\/teddybear.rs\/en\/wp-json\/wp\/v2\/product"}],"about":[{"href":"https:\/\/teddybear.rs\/en\/wp-json\/wp\/v2\/types\/product"}],"wp:featuredmedia":[{"embeddable":true,"href":"https:\/\/teddybear.rs\/en\/wp-json\/wp\/v2\/media\/2367"}],"wp:attachment":[{"href":"https:\/\/teddybear.rs\/en\/wp-json\/wp\/v2\/media?parent=2366"}],"wp:term":[{"taxonomy":"product_brand","embeddable":true,"href":"https:\/\/teddybear.rs\/en\/wp-json\/wp\/v2\/product_brand?post=2366"},{"taxonomy":"product_cat","embeddable":true,"href":"https:\/\/teddybear.rs\/en\/wp-json\/wp\/v2\/product_cat?post=2366"},{"taxonomy":"product_tag","embeddable":true,"href":"https:\/\/teddybear.rs\/en\/wp-json\/wp\/v2\/product_tag?post=2366"}],"curies":[{"name":"wp","href":"https:\/\/api.w.org\/{rel}","templated":true}]}}