{"id":2361,"date":"2017-12-08T08:03:33","date_gmt":"2017-12-08T08:03:33","guid":{"rendered":"http:\/\/teddybear.rs\/shop\/uncategorized\/milka-box-silver\/"},"modified":"2019-05-17T12:12:24","modified_gmt":"2019-05-17T12:12:24","slug":"milka-box-silver","status":"publish","type":"product","link":"https:\/\/teddybear.rs\/en\/shop\/sweet-boxes\/milka-box-silver\/","title":{"rendered":"Teddy Bear\u00ae Milka SILVER box"},"content":{"rendered":"<p>Teddy Bear\u00ae Milka SILVER large box contains the sweetest and most diverse Milka products, silver box and decorative material<\/p>\n","protected":false},"excerpt":{"rendered":"<p><strong>Teddy Bear\u00ae Milka SILVER<\/strong> veliki box sadr\u017ei najsla\u0111e i najrazli\u010ditije Milka proizvode, srebrnu kutiju I dekorativni materijal.<\/p>\n","protected":false},"featured_media":2021,"template":"","meta":[],"product_brand":[],"product_cat":[198,20],"product_tag":[24,350,62,352,22,319],"class_list":{"0":"post-2361","1":"product","2":"type-product","3":"status-publish","4":"has-post-thumbnail","6":"product_cat-sweet-boxes","8":"product_tag-milka","9":"product_tag-milka-en","10":"product_tag-silver","11":"product_tag-silver-en","12":"product_tag-sweet-box","13":"product_tag-sweet-box-en","15":"first","16":"instock","17":"shipping-taxable","18":"purchasable","19":"product-type-simple"},"_links":{"self":[{"href":"https:\/\/teddybear.rs\/en\/wp-json\/wp\/v2\/product\/2361","targetHints":{"allow":["GET"]}}],"collection":[{"href":"https:\/\/teddybear.rs\/en\/wp-json\/wp\/v2\/product"}],"about":[{"href":"https:\/\/teddybear.rs\/en\/wp-json\/wp\/v2\/types\/product"}],"wp:featuredmedia":[{"embeddable":true,"href":"https:\/\/teddybear.rs\/en\/wp-json\/wp\/v2\/media\/2021"}],"wp:attachment":[{"href":"https:\/\/teddybear.rs\/en\/wp-json\/wp\/v2\/media?parent=2361"}],"wp:term":[{"taxonomy":"product_brand","embeddable":true,"href":"https:\/\/teddybear.rs\/en\/wp-json\/wp\/v2\/product_brand?post=2361"},{"taxonomy":"product_cat","embeddable":true,"href":"https:\/\/teddybear.rs\/en\/wp-json\/wp\/v2\/product_cat?post=2361"},{"taxonomy":"product_tag","embeddable":true,"href":"https:\/\/teddybear.rs\/en\/wp-json\/wp\/v2\/product_tag?post=2361"}],"curies":[{"name":"wp","href":"https:\/\/api.w.org\/{rel}","templated":true}]}}