{"id":2357,"date":"2017-12-07T13:46:39","date_gmt":"2017-12-07T13:46:39","guid":{"rendered":"http:\/\/teddybear.rs\/shop\/uncategorized\/milka-box-veliki\/"},"modified":"2019-05-17T12:10:00","modified_gmt":"2019-05-17T12:10:00","slug":"milka-box-veliki","status":"publish","type":"product","link":"https:\/\/teddybear.rs\/en\/shop\/sweet-boxes\/milka-box-veliki\/","title":{"rendered":"Teddy Bear \u00ae Milka Black veliki"},"content":{"rendered":"<p>Teddy Bear \u00ae Milka black box large contains a multitude of Milka chocolate, Bombonery and decorative materials.<\/p>\n","protected":false},"excerpt":{"rendered":"<p><strong>Teddy Bear \u00ae Milka Black box <\/strong>veliki sad\u017ei mno\u0161tvo Milka \u010dokolada, Bombonjera i dekorativnih materijala.<\/p>\n","protected":false},"featured_media":2356,"template":"","meta":[],"product_brand":[],"product_cat":[198,20],"product_tag":[24,350,62,352,22,319],"class_list":{"0":"post-2357","1":"product","2":"type-product","3":"status-publish","4":"has-post-thumbnail","6":"product_cat-sweet-boxes","8":"product_tag-milka","9":"product_tag-milka-en","10":"product_tag-silver","11":"product_tag-silver-en","12":"product_tag-sweet-box","13":"product_tag-sweet-box-en","15":"first","16":"instock","17":"shipping-taxable","18":"purchasable","19":"product-type-simple"},"_links":{"self":[{"href":"https:\/\/teddybear.rs\/en\/wp-json\/wp\/v2\/product\/2357","targetHints":{"allow":["GET"]}}],"collection":[{"href":"https:\/\/teddybear.rs\/en\/wp-json\/wp\/v2\/product"}],"about":[{"href":"https:\/\/teddybear.rs\/en\/wp-json\/wp\/v2\/types\/product"}],"wp:featuredmedia":[{"embeddable":true,"href":"https:\/\/teddybear.rs\/en\/wp-json\/wp\/v2\/media\/2356"}],"wp:attachment":[{"href":"https:\/\/teddybear.rs\/en\/wp-json\/wp\/v2\/media?parent=2357"}],"wp:term":[{"taxonomy":"product_brand","embeddable":true,"href":"https:\/\/teddybear.rs\/en\/wp-json\/wp\/v2\/product_brand?post=2357"},{"taxonomy":"product_cat","embeddable":true,"href":"https:\/\/teddybear.rs\/en\/wp-json\/wp\/v2\/product_cat?post=2357"},{"taxonomy":"product_tag","embeddable":true,"href":"https:\/\/teddybear.rs\/en\/wp-json\/wp\/v2\/product_tag?post=2357"}],"curies":[{"name":"wp","href":"https:\/\/api.w.org\/{rel}","templated":true}]}}