{"id":2351,"date":"2017-12-08T09:05:07","date_gmt":"2017-12-08T09:05:07","guid":{"rendered":"http:\/\/teddybear.rs\/shop\/uncategorized\/milky-way-box\/"},"modified":"2019-05-17T11:59:16","modified_gmt":"2019-05-17T11:59:16","slug":"milky-way-box","status":"publish","type":"product","link":"https:\/\/teddybear.rs\/en\/shop\/sweet-boxes\/milky-way-box\/","title":{"rendered":"Teddy Bear \u00ae Milky Way box"},"content":{"rendered":"<p>Teddy Bear\u00ae MilkyWay box contains Milky Way chocolates, Smarties sweets, Nestle Crunch chocolates and decorative material.<\/p>\n","protected":false},"excerpt":{"rendered":"<p><strong>Teddy Bear \u00ae MilkyWay box<\/strong> sadr\u017ei Milky Way \u010dokoladice, Smarties bombonice, Nestle Crunch \u010dokolade i dekorativni materijal.<\/p>\n","protected":false},"featured_media":2012,"template":"","meta":[],"product_brand":[],"product_cat":[198],"product_tag":[339,346],"class_list":{"0":"post-2351","1":"product","2":"type-product","3":"status-publish","4":"has-post-thumbnail","6":"product_cat-sweet-boxes","7":"product_tag-box-en","8":"product_tag-milky-way-en","10":"first","11":"instock","12":"shipping-taxable","13":"purchasable","14":"product-type-simple"},"_links":{"self":[{"href":"https:\/\/teddybear.rs\/en\/wp-json\/wp\/v2\/product\/2351","targetHints":{"allow":["GET"]}}],"collection":[{"href":"https:\/\/teddybear.rs\/en\/wp-json\/wp\/v2\/product"}],"about":[{"href":"https:\/\/teddybear.rs\/en\/wp-json\/wp\/v2\/types\/product"}],"wp:featuredmedia":[{"embeddable":true,"href":"https:\/\/teddybear.rs\/en\/wp-json\/wp\/v2\/media\/2012"}],"wp:attachment":[{"href":"https:\/\/teddybear.rs\/en\/wp-json\/wp\/v2\/media?parent=2351"}],"wp:term":[{"taxonomy":"product_brand","embeddable":true,"href":"https:\/\/teddybear.rs\/en\/wp-json\/wp\/v2\/product_brand?post=2351"},{"taxonomy":"product_cat","embeddable":true,"href":"https:\/\/teddybear.rs\/en\/wp-json\/wp\/v2\/product_cat?post=2351"},{"taxonomy":"product_tag","embeddable":true,"href":"https:\/\/teddybear.rs\/en\/wp-json\/wp\/v2\/product_tag?post=2351"}],"curies":[{"name":"wp","href":"https:\/\/api.w.org\/{rel}","templated":true}]}}