{"id":2332,"date":"2017-11-14T22:39:36","date_gmt":"2017-11-14T22:39:36","guid":{"rendered":"http:\/\/teddybear.rs\/shop\/uncategorized\/veliki-kinder-xmas-box\/"},"modified":"2019-05-17T11:17:09","modified_gmt":"2019-05-17T11:17:09","slug":"veliki-kinder-xmas-box","status":"publish","type":"product","link":"https:\/\/teddybear.rs\/en\/shop\/sweet-boxes\/veliki-kinder-xmas-box\/","title":{"rendered":"Teddy Bear\u00aeVeliki Kinder Xmas Box"},"content":{"rendered":"<p>Teddy Bear\u00ae Large Kinder Xmas Box contains specially selected Kinder products.<\/p>\n<p>The box contains the following: Kinder surprise chocolate, Kinder chocolate, Kinder deda frost and decorative material.<\/p>\n","protected":false},"excerpt":{"rendered":"<p><strong>Teddy Bear\u00ae Veliki Kinder Xmas Box<\/strong> sadr\u017ei posebno odabrane Kinder proizvode.<\/p>\n<p>U box-u se nalazi slede\u0107e: Kinder surprise \u010dokolade, Kinder \u010dokolade, Kinder deda mraza i ukrasni materijal.<\/p>\n","protected":false},"featured_media":2054,"template":"","meta":[],"product_brand":[],"product_cat":[198],"product_tag":[318,319,320],"class_list":{"0":"post-2332","1":"product","2":"type-product","3":"status-publish","4":"has-post-thumbnail","6":"product_cat-sweet-boxes","7":"product_tag-kinder-box-en","8":"product_tag-sweet-box-en","9":"product_tag-xmas-en","11":"first","12":"instock","13":"shipping-taxable","14":"purchasable","15":"product-type-simple"},"_links":{"self":[{"href":"https:\/\/teddybear.rs\/en\/wp-json\/wp\/v2\/product\/2332","targetHints":{"allow":["GET"]}}],"collection":[{"href":"https:\/\/teddybear.rs\/en\/wp-json\/wp\/v2\/product"}],"about":[{"href":"https:\/\/teddybear.rs\/en\/wp-json\/wp\/v2\/types\/product"}],"wp:featuredmedia":[{"embeddable":true,"href":"https:\/\/teddybear.rs\/en\/wp-json\/wp\/v2\/media\/2054"}],"wp:attachment":[{"href":"https:\/\/teddybear.rs\/en\/wp-json\/wp\/v2\/media?parent=2332"}],"wp:term":[{"taxonomy":"product_brand","embeddable":true,"href":"https:\/\/teddybear.rs\/en\/wp-json\/wp\/v2\/product_brand?post=2332"},{"taxonomy":"product_cat","embeddable":true,"href":"https:\/\/teddybear.rs\/en\/wp-json\/wp\/v2\/product_cat?post=2332"},{"taxonomy":"product_tag","embeddable":true,"href":"https:\/\/teddybear.rs\/en\/wp-json\/wp\/v2\/product_tag?post=2332"}],"curies":[{"name":"wp","href":"https:\/\/api.w.org\/{rel}","templated":true}]}}