{"id":2316,"date":"2017-12-03T22:56:34","date_gmt":"2017-12-03T22:56:34","guid":{"rendered":"http:\/\/teddybear.rs\/shop\/uncategorized\/single-rose-red-navy-blue\/"},"modified":"2019-05-13T10:50:38","modified_gmt":"2019-05-13T10:50:38","slug":"single-rose-red-navy-blue","status":"publish","type":"product","link":"https:\/\/teddybear.rs\/en\/shop\/rose\/single-rose-red-navy-blue\/","title":{"rendered":"Teddy Bear \u00aeSingle Rose\u00ae Red &#8211; Navy Blue"},"content":{"rendered":"<p>Teddy Bear Single Rose\u00ae Red &#8211; Navy Blue is an ideal gift for all lovers or people you want to express special attention.<\/p>\n<p>The most beautiful red rose is packed in a box containing an ampoule that will make it more fresh for a long time, as if it was just picked. In addition, there is a message in the box, which we will not doubt to awaken the most sincere emotions in the person you consecrate. Single Rose contains a red rose in a white \/ blue decorative box with a Greetengs card (greeting card) and a satin girdle.<\/p>\n","protected":false},"excerpt":{"rendered":"<p><strong>Teddy Bear Single Rose\u00ae Red &#8211; Navy Blue<\/strong> predstavlja idealan poklon za sve zaljubljene osobe ili osobe kojima \u017eelite da iska\u017eete posebnu pa\u017enju.<\/p>\n<p>Najlep\u0161a crvena ru\u017ea, upakovana je u kutiju u kojoj se nalazi ampula koja \u0107e je du\u017ee vrme u\u010diniti sve\u017eom, kao da je tek ubrana. Pored toga, u kutiji se nalazi i poruka koja \u0107e ne sumnjamo probuditi najiskrenije emocije kod osobe kojoj je posve\u0107ujete. Single Rose sadr\u017ei crvenu ru\u017eu u beloj\/plavoj ukrasnoj kutiji sa Greetengs card-om (\u010destitkom) i satenskom ma\u0161nicom.<\/p>\n","protected":false},"featured_media":2024,"template":"","meta":[],"product_brand":[],"product_cat":[202,46],"product_tag":[52,304,54,309],"class_list":{"0":"post-2316","1":"product","2":"type-product","3":"status-publish","4":"has-post-thumbnail","6":"product_cat-rose","7":"product_cat-single-rose-2","8":"product_tag-single-rose","9":"product_tag-single-rose-en","10":"product_tag-single-rose-red-navy-blue","11":"product_tag-single-rose-red-navy-blue-en","13":"first","14":"instock","15":"shipping-taxable","16":"purchasable","17":"product-type-simple"},"_links":{"self":[{"href":"https:\/\/teddybear.rs\/en\/wp-json\/wp\/v2\/product\/2316","targetHints":{"allow":["GET"]}}],"collection":[{"href":"https:\/\/teddybear.rs\/en\/wp-json\/wp\/v2\/product"}],"about":[{"href":"https:\/\/teddybear.rs\/en\/wp-json\/wp\/v2\/types\/product"}],"wp:featuredmedia":[{"embeddable":true,"href":"https:\/\/teddybear.rs\/en\/wp-json\/wp\/v2\/media\/2024"}],"wp:attachment":[{"href":"https:\/\/teddybear.rs\/en\/wp-json\/wp\/v2\/media?parent=2316"}],"wp:term":[{"taxonomy":"product_brand","embeddable":true,"href":"https:\/\/teddybear.rs\/en\/wp-json\/wp\/v2\/product_brand?post=2316"},{"taxonomy":"product_cat","embeddable":true,"href":"https:\/\/teddybear.rs\/en\/wp-json\/wp\/v2\/product_cat?post=2316"},{"taxonomy":"product_tag","embeddable":true,"href":"https:\/\/teddybear.rs\/en\/wp-json\/wp\/v2\/product_tag?post=2316"}],"curies":[{"name":"wp","href":"https:\/\/api.w.org\/{rel}","templated":true}]}}